{"id":804,"date":"2025-02-19T07:14:52","date_gmt":"2025-02-19T07:14:52","guid":{"rendered":"http:\/\/54.179.108.146\/?page_id=804"},"modified":"2025-06-13T05:55:04","modified_gmt":"2025-06-13T05:55:04","slug":"new-pricing","status":"publish","type":"page","link":"https:\/\/easypick.app\/se\/new-pricing\/","title":{"rendered":"New Pricing"},"content":{"rendered":"<div data-elementor-type=\"wp-page\" data-elementor-id=\"804\" class=\"elementor elementor-804\" data-elementor-post-type=\"page\">\n\t\t\t\t<div class=\"elementor-element elementor-element-05743f7 e-flex e-con-boxed e-con e-parent\" data-id=\"05743f7\" data-element_type=\"container\" data-settings=\"{&quot;background_background&quot;:&quot;classic&quot;}\">\n\t\t\t\t\t<div class=\"e-con-inner\">\n\t\t\t\t<div class=\"elementor-element elementor-element-f438ff1 elementor-widget elementor-widget-heading\" data-id=\"f438ff1\" data-element_type=\"widget\" data-widget_type=\"heading.default\">\n\t\t\t\t\t<h2 class=\"elementor-heading-title elementor-size-default\">Nya priser fr\u00e5n <br>07.April.2025<\/h2>\t\t\t\t<\/div>\n\t\t\t\t<div class=\"elementor-element elementor-element-d01ab8c elementor-widget__width-initial elementor-widget elementor-widget-heading\" data-id=\"d01ab8c\" data-element_type=\"widget\" data-widget_type=\"heading.default\">\n\t\t\t\t\t<h2 class=\"elementor-heading-title elementor-size-default\">P\u00e5 <span style=\"color: #F37C20\">Easypick<\/span>, \u00e4r vi engagerade i att erbjuda en bekv\u00e4m, s\u00e4ker och v\u00e4nlig nyckelutbytestj\u00e4nst till alla v\u00e5ra kunder. F\u00f6r att forts\u00e4tta leverera den kvalitet du f\u00f6rv\u00e4ntar dig och f\u00f6rtj\u00e4nar, kommer vi att uppdatera v\u00e5ra priser den 7 april enligt f\u00f6ljande: <\/h2>\t\t\t\t<\/div>\n\t\t\t\t\t<\/div>\n\t\t\t\t<\/div>\n\t\t<div class=\"elementor-element elementor-element-55b2e7a e-flex e-con-boxed e-con e-parent\" data-id=\"55b2e7a\" data-element_type=\"container\" data-settings=\"{&quot;background_background&quot;:&quot;classic&quot;}\">\n\t\t\t\t\t<div class=\"e-con-inner\">\n\t\t\t\t<div class=\"elementor-element elementor-element-3575f0d elementor-widget elementor-widget-heading\" data-id=\"3575f0d\" data-element_type=\"widget\" data-widget_type=\"heading.default\">\n\t\t\t\t\t<h2 class=\"elementor-heading-title elementor-size-default\">PRIS\u00c4NDRING F\u00d6R<\/h2>\t\t\t\t<\/div>\n\t\t\t\t<div class=\"elementor-element elementor-element-9b494bd elementor-widget elementor-widget-heading\" data-id=\"9b494bd\" data-element_type=\"widget\" data-widget_type=\"heading.default\">\n\t\t\t\t\t<h1 class=\"elementor-heading-title elementor-size-default\">OVER-THE-COUNTER SERVICE<\/h1>\t\t\t\t<\/div>\n\t\t<div class=\"elementor-element elementor-element-411f691 e-con-full e-flex e-con e-child\" data-id=\"411f691\" data-element_type=\"container\" data-settings=\"{&quot;animation_tablet&quot;:&quot;none&quot;}\">\n\t\t<div class=\"elementor-element elementor-element-6796a56 pricing-container e-flex e-con-boxed e-con e-child\" data-id=\"6796a56\" data-element_type=\"container\" data-settings=\"{&quot;animation&quot;:&quot;none&quot;,&quot;animation_delay&quot;:800}\">\n\t\t\t\t\t<div class=\"e-con-inner\">\n\t\t<div class=\"elementor-element elementor-element-d8560bf e-con-full e-flex e-con e-child\" data-id=\"d8560bf\" data-element_type=\"container\" data-settings=\"{&quot;animation_tablet&quot;:&quot;none&quot;,&quot;background_background&quot;:&quot;classic&quot;}\">\n\t\t\t\t<div class=\"elementor-element elementor-element-4becb5e elementor-widget__width-inherit elementor-widget elementor-widget-html\" data-id=\"4becb5e\" data-element_type=\"widget\" data-widget_type=\"html.default\">\n\t\t\t\t\t<div class=\"pricing-card\">\n\t<span class=\"plan-type\" style=\"display: none;\">CURRENT PLAN<\/span>\n    <span class=\"save-tag\" style=\"visibility: hidden;\">x<\/span>\n\t<h2 class=\"plan-name\">ONE<\/h2>\n\t<div class=\"price\">\n\t\tNOK 49 <span>\/dag<\/span><\/div>\n\t<div class=\"billing-info\">Debiteras var 24:e timme<\/div>\n\t<ul class=\"features\">\n\t\t<li>Notiser<\/li>\n\t<\/ul>\n<\/div>\t\t\t\t<\/div>\n\t\t\t\t<\/div>\n\t\t<div class=\"elementor-element elementor-element-5169078 e-con-full e-flex e-con e-child\" data-id=\"5169078\" data-element_type=\"container\" data-settings=\"{&quot;animation&quot;:&quot;none&quot;,&quot;animation_delay&quot;:600,&quot;animation_tablet&quot;:&quot;none&quot;,&quot;background_background&quot;:&quot;classic&quot;}\">\n\t\t\t\t<div class=\"elementor-element elementor-element-e96be5e elementor-widget__width-inherit elementor-widget elementor-widget-html\" data-id=\"e96be5e\" data-element_type=\"widget\" data-widget_type=\"html.default\">\n\t\t\t\t\t<div class=\"pricing-card popular\">\n\t<div class=\"popular-tag\">Mest popul\u00e4r<\/div>\n\t\t<span class=\"save-tag\">Spara 80%<\/span>\n\t<h2 class=\"plan-name\">UNLIMITED<\/h2>\n\t<div class=\"price\">NOK 299 <span>\/m\u00e5nad<\/span><\/div>\n\t<div class=\"billing-info\">\n\t\tNOK 10.00<span> per dag.<\/span><br>\n\t\t<span style=\"margin-top: 5px;\">Faktureras varje m\u00e5nad.<\/span>\n\t<\/div>\n\t<!--<a href=\"#\" class=\"cta-button\">Get UNLIMITED<\/a>-->\n\t<ul class=\"features\">\n\t\t<li>Notiser<\/li>\n\t\t<li>OBEGR\u00c4NSAD h\u00e4mtning, l\u00e4mning och f\u00f6rvaring i 30 dagar<\/li>\n\t<\/ul>\n<\/div>\t\t\t\t<\/div>\n\t\t\t\t<\/div>\n\t\t<div class=\"elementor-element elementor-element-a4a33e3 e-con-full e-flex e-con e-child\" data-id=\"a4a33e3\" data-element_type=\"container\" data-settings=\"{&quot;animation_tablet&quot;:&quot;none&quot;,&quot;animation&quot;:&quot;none&quot;,&quot;animation_delay&quot;:800}\">\n\t\t\t\t<div class=\"elementor-element elementor-element-00cb849 elementor-widget__width-inherit elementor-widget elementor-widget-html\" data-id=\"00cb849\" data-element_type=\"widget\" data-widget_type=\"html.default\">\n\t\t\t\t\t<div class=\"pricing-card\">\n\t<span class=\"save-tag\">Spara 83%<\/span>\n\t<h2 class=\"plan-name\">ANNUAL<\/h2>\n\t<div class=\"price\">NOK 2990 <span>\/\u00e5r<\/span><\/div>\n\t<div class=\"billing-info\">\n\t\t NOK 8.00 <span>per dag.<\/span><br>\n\t\t<span>Faktureras varje \u00e5r.<\/span>\n\t<\/div>\n\t<!--<a href=\"#\" class=\"cta-button\">Get ANNUAL<\/a>-->\n\t<ul class=\"features\">\n\t\t<li>Notiser<\/li>\n\t\t<li>OBEGR\u00c4NSAD h\u00e4mtning, l\u00e4mning och f\u00f6rvaring i 365 dagar\n\t\t<\/li>\n\t\t<li>Tv\u00e5 gratis m\u00e5nader varje \u00e5r<\/li>\n\t<\/ul>\n<\/div>\t\t\t\t<\/div>\n\t\t\t\t<\/div>\n\t\t\t\t\t<\/div>\n\t\t\t\t<\/div>\n\t\t\t\t<\/div>\n\t\t\t\t<div class=\"elementor-element elementor-element-9ee34bb elementor-widget elementor-widget-heading\" data-id=\"9ee34bb\" data-element_type=\"widget\" data-widget_type=\"heading.default\">\n\t\t\t\t\t<h2 class=\"elementor-heading-title elementor-size-default\">PRIS\u00c4NDRING F\u00d6R<\/h2>\t\t\t\t<\/div>\n\t\t\t\t<div class=\"elementor-element elementor-element-df89ebf elementor-widget elementor-widget-heading\" data-id=\"df89ebf\" data-element_type=\"widget\" data-widget_type=\"heading.default\">\n\t\t\t\t\t<h1 class=\"elementor-heading-title elementor-size-default\">SELF-SERVICE LOCKER<\/h1>\t\t\t\t<\/div>\n\t\t<div class=\"elementor-element elementor-element-c16f768 e-con-full e-flex e-con e-child\" data-id=\"c16f768\" data-element_type=\"container\" data-settings=\"{&quot;animation_tablet&quot;:&quot;none&quot;}\">\n\t\t<div class=\"elementor-element elementor-element-1ed04a5 e-con-full e-flex e-con e-child\" data-id=\"1ed04a5\" data-element_type=\"container\">\n\t\t<div class=\"elementor-element elementor-element-427d173 e-con-full e-flex e-con e-child\" data-id=\"427d173\" data-element_type=\"container\" data-settings=\"{&quot;animation_tablet&quot;:&quot;none&quot;}\">\n\t\t\t\t<div class=\"elementor-element elementor-element-2314faf elementor-widget elementor-widget-html\" data-id=\"2314faf\" data-element_type=\"widget\" data-widget_type=\"html.default\">\n\t\t\t\t\t<div class=\"pricing-card\">\n\t<span class=\"save-tag\" style=\"visibility: hidden;\">x<\/span>\n\t<h2 class=\"plan-name\">Locker DAILY<\/h2>\n\t<div class=\"price\">NOK 79 <span>\/dag<\/span><\/div>\n\t<div class=\"billing-info\">Debiteras var 24:e timme<\/div>\n\t<!--<a href=\"#\" class=\"cta-button\">Get Locker DAILY<\/a>-->\n\t<ul class=\"features\">\n\t\t<li>Notiser<\/li>\n\t\t<li>Obegr\u00e4nsad h\u00e4mtning, l\u00e4mning och f\u00f6rvaring inom 24 timmar<\/li>\n\t<\/ul>\n<\/div>\t\t\t\t<\/div>\n\t\t\t\t<\/div>\n\t\t<div class=\"elementor-element elementor-element-9c7a51f e-con-full e-flex e-con e-child\" data-id=\"9c7a51f\" data-element_type=\"container\" data-settings=\"{&quot;animation&quot;:&quot;none&quot;,&quot;animation_delay&quot;:600,&quot;animation_tablet&quot;:&quot;none&quot;}\">\n\t\t\t\t<div class=\"elementor-element elementor-element-e696deb elementor-widget elementor-widget-html\" data-id=\"e696deb\" data-element_type=\"widget\" data-widget_type=\"html.default\">\n\t\t\t\t\t<div class=\"pricing-card popular\">\n\t<div class=\"popular-tag\">Mest popul\u00e4r<\/div>\n\t\t<span class=\"save-tag\">Spara 83%<\/span>\n\t<h2 class=\"plan-name\">Locker MONTHLY<\/h2>\n\t<div class=\"price\">NOK 399 <span>\/m\u00e5nad<\/span><\/div>\n\t<div class=\"billing-info\">\n\t\t NOK 13.00<span> per dag.<\/span><br>\n\t\t <span>Faktureras varje m\u00e5nad.<\/span>\n\t<\/div>\n\t<!--<a href=\"#\" class=\"cta-button\">Get Locker MONTHLY<\/a>-->\n\t<ul class=\"features\">\n\t\t<li>Notiser<\/li>\n\t\t<li>Obegr\u00e4nsad h\u00e4mtning, l\u00e4mning och f\u00f6rvaring i 30 dagar<\/li>\n\t<\/ul>\n<\/div>\t\t\t\t<\/div>\n\t\t\t\t<\/div>\n\t\t<div class=\"elementor-element elementor-element-05a48ef e-con-full e-flex e-con e-child\" data-id=\"05a48ef\" data-element_type=\"container\" data-settings=\"{&quot;animation_tablet&quot;:&quot;none&quot;}\">\n\t\t\t\t<div class=\"elementor-element elementor-element-2a56d39 elementor-widget elementor-widget-html\" data-id=\"2a56d39\" data-element_type=\"widget\" data-widget_type=\"html.default\">\n\t\t\t\t\t<div class=\"pricing-card\">\n\t<span class=\"save-tag\">Spara 86%<\/span>\n\t<h2 class=\"plan-name\">Locker YEARLY<\/h2>\n\t<div class=\"price\">NOK 3990 <span>\/\u00e5r<\/span><\/div>\n\t<div class=\"billing-info\">\n\t\t NOK 11.00<span> per dag.<\/span><br>\n\t\t <span>Faktureras varje \u00e5r.<\/span>\n\t<\/div>\n\t<!--<a href=\"#\" class=\"cta-button\">Get Locker YEARLY<\/a>-->\n\t<ul class=\"features\">\n\t\t<li>Notiser<\/li>\n\t    <li>Obegr\u00e4nsad h\u00e4mtning, l\u00e4mning och f\u00f6rvaring i 365 dagar<\/li>\n\t<\/ul>\n<\/div>\t\t\t\t<\/div>\n\t\t\t\t<\/div>\n\t\t\t\t<\/div>\n\t\t\t\t<\/div>\n\t\t\t\t\t<\/div>\n\t\t\t\t<\/div>\n\t\t<div class=\"elementor-element elementor-element-de15773 e-flex e-con-boxed e-con e-parent\" data-id=\"de15773\" data-element_type=\"container\" data-settings=\"{&quot;background_background&quot;:&quot;classic&quot;}\">\n\t\t\t\t\t<div class=\"e-con-inner\">\n\t\t\t\t<div class=\"elementor-element elementor-element-a099721 elementor-widget elementor-widget-heading\" data-id=\"a099721\" data-element_type=\"widget\" data-widget_type=\"heading.default\">\n\t\t\t\t\t<h1 class=\"elementor-heading-title elementor-size-default\">ANDRA PRISJUSTERINGAR<\/h1>\t\t\t\t<\/div>\n\t\t<div class=\"elementor-element elementor-element-1b9df67 e-con-full e-flex e-con e-child\" data-id=\"1b9df67\" data-element_type=\"container\">\n\t\t<div class=\"elementor-element elementor-element-91db8de e-con-full e-flex e-con e-child\" data-id=\"91db8de\" data-element_type=\"container\" data-settings=\"{&quot;background_background&quot;:&quot;classic&quot;}\">\n\t\t\t\t<div class=\"elementor-element elementor-element-cf757ab elementor-widget elementor-widget-heading\" data-id=\"cf757ab\" data-element_type=\"widget\" data-widget_type=\"heading.default\">\n\t\t\t\t\t<h2 class=\"elementor-heading-title elementor-size-default\">UNLIMITED Extra Key<\/h2>\t\t\t\t<\/div>\n\t\t\t\t<div class=\"elementor-element elementor-element-4a113f9 elementor-widget elementor-widget-heading\" data-id=\"4a113f9\" data-element_type=\"widget\" data-widget_type=\"heading.default\">\n\t\t\t\t\t<h2 class=\"elementor-heading-title elementor-size-default\"><span>Det UNLIMITED extra nyckeln kommer att tas bort. Extra nycklar kommer att kosta lika mycket som planen f\u00f6r UNLIMITED nyckel<\/span> (NOK 299).<\/h2>\t\t\t\t<\/div>\n\t\t\t\t<\/div>\n\t\t<div class=\"elementor-element elementor-element-d345886 e-con-full e-flex e-con e-child\" data-id=\"d345886\" data-element_type=\"container\" data-settings=\"{&quot;background_background&quot;:&quot;classic&quot;}\">\n\t\t\t\t<div class=\"elementor-element elementor-element-20e3660 elementor-widget elementor-widget-heading\" data-id=\"20e3660\" data-element_type=\"widget\" data-widget_type=\"heading.default\">\n\t\t\t\t\t<h2 class=\"elementor-heading-title elementor-size-default\">Fast upph\u00e4mtningskod \u00e4r nu p\u00e5<\/h2>\t\t\t\t<\/div>\n\t\t\t\t<div class=\"elementor-element elementor-element-3d3c0fb elementor-widget elementor-widget-heading\" data-id=\"3d3c0fb\" data-element_type=\"widget\" data-widget_type=\"heading.default\">\n\t\t\t\t\t<h2 class=\"elementor-heading-title elementor-size-default\">85,- NOK<\/h2>\t\t\t\t<\/div>\n\t\t\t\t<\/div>\n\t\t\t\t<\/div>\n\t\t\t\t\t<\/div>\n\t\t\t\t<\/div>\n\t\t<div class=\"elementor-element elementor-element-32ac6de e-flex e-con-boxed e-con e-parent\" data-id=\"32ac6de\" data-element_type=\"container\">\n\t\t\t\t\t<div class=\"e-con-inner\">\n\t\t<div class=\"elementor-element elementor-element-33988d1 e-con-full e-flex e-con e-child\" data-id=\"33988d1\" data-element_type=\"container\">\n\t\t\t\t<div class=\"elementor-element elementor-element-9d81ded elementor-widget__width-inherit elementor-widget elementor-widget-heading\" data-id=\"9d81ded\" data-element_type=\"widget\" data-widget_type=\"heading.default\">\n\t\t\t\t\t<h2 class=\"elementor-heading-title elementor-size-default\">Varf\u00f6r har vi \u00e4ndrat priserna?<\/h2>\t\t\t\t<\/div>\n\t\t\t\t<div class=\"elementor-element elementor-element-4a030ff elementor-widget elementor-widget-heading\" data-id=\"4a030ff\" data-element_type=\"widget\" data-widget_type=\"heading.default\">\n\t\t\t\t\t<h2 class=\"elementor-heading-title elementor-size-default\">Vi justerar v\u00e5ra priser \u00e5rligen. Vi f\u00f6rst\u00e5r att prish\u00f6jningar aldrig \u00e4r idealiska, men den \u00e5rliga justeringen \u00e4r n\u00f6dv\u00e4ndig f\u00f6r att t\u00e4cka kostnader och uppr\u00e4tth\u00e5lla en h\u00f6gkvalitativ tj\u00e4nst.<\/h2>\t\t\t\t<\/div>\n\t\t\t\t<\/div>\n\t\t\t\t\t<\/div>\n\t\t\t\t<\/div>\n\t\t\t\t<\/div>","protected":false},"excerpt":{"rendered":"<p>New prices from 07.April.2025 At Easypick, we are committed to providing a convenient, secure, and friendly key exchange service to all our customers. To continue delivering the quality service you expect and deserve, we will be updating our prices on April 7th as follows: PRICE CHANGE FOR OVER-THE-COUNTER SERVICE CURRENT PLAN x ONE \/day Billed [&hellip;]<\/p>","protected":false},"author":1,"featured_media":0,"parent":0,"menu_order":0,"comment_status":"closed","ping_status":"closed","template":"","meta":{"footnotes":""},"class_list":["post-804","page","type-page","status-publish","hentry"],"_links":{"self":[{"href":"https:\/\/easypick.app\/se\/wp-json\/wp\/v2\/pages\/804","targetHints":{"allow":["GET"]}}],"collection":[{"href":"https:\/\/easypick.app\/se\/wp-json\/wp\/v2\/pages"}],"about":[{"href":"https:\/\/easypick.app\/se\/wp-json\/wp\/v2\/types\/page"}],"author":[{"embeddable":true,"href":"https:\/\/easypick.app\/se\/wp-json\/wp\/v2\/users\/1"}],"replies":[{"embeddable":true,"href":"https:\/\/easypick.app\/se\/wp-json\/wp\/v2\/comments?post=804"}],"version-history":[{"count":170,"href":"https:\/\/easypick.app\/se\/wp-json\/wp\/v2\/pages\/804\/revisions"}],"predecessor-version":[{"id":2576,"href":"https:\/\/easypick.app\/se\/wp-json\/wp\/v2\/pages\/804\/revisions\/2576"}],"wp:attachment":[{"href":"https:\/\/easypick.app\/se\/wp-json\/wp\/v2\/media?parent=804"}],"curies":[{"name":"wp","href":"https:\/\/api.w.org\/{rel}","templated":true}]}}